{"id":20,"date":"2019-09-10T11:09:23","date_gmt":"2019-09-10T09:09:23","guid":{"rendered":"https:\/\/neu.clv-buecher.at\/?page_id=20"},"modified":"2019-11-11T23:40:51","modified_gmt":"2019-11-11T22:40:51","slug":"mitarbeit","status":"publish","type":"page","link":"https:\/\/www.clv-buecher.at\/?page_id=20","title":{"rendered":"MITARBEIT"},"content":{"rendered":"<p>[et_pb_section fb_built=&#8220;1&#8243; _builder_version=&#8220;3.27.4&#8243;][et_pb_row _builder_version=&#8220;3.27.4&#8243;][et_pb_column type=&#8220;4_4&#8243; _builder_version=&#8220;3.27.4&#8243;][et_pb_text _builder_version=&#8220;4.0.6&#8243; hover_enabled=&#8220;0&#8243;]<\/p>\n<h4>M\u00f6chtest du mitarbeiten? Wir haben Teams f\u00fcr verschiedene Arbeitsbereiche. Schreib uns \u00fcber das <em><span style=\"color: #0000ff;\"><a href=\"https:\/\/www.clv-buecher.at\/?page_id=22\" title=\"Kontakt\" style=\"color: #0000ff;\">Kontaktformular<\/a><\/span><\/em>, wenn du dich unverbindlich \u00fcber Details informieren m\u00f6chtest oder klick unten auf die FAQs, wo wir die h\u00e4ufigsten Fragen beantwortet haben.<\/h4>\n<p>[\/et_pb_text][\/et_pb_column][\/et_pb_row][et_pb_row column_structure=&#8220;1_2,1_2&#8243; _builder_version=&#8220;3.27.4&#8243;][et_pb_column type=&#8220;1_2&#8243; _builder_version=&#8220;3.27.4&#8243;][et_pb_blurb title=&#8220;Deko&#8220; image=&#8220;https:\/\/www.clv-buecher.at\/wp-content\/uploads\/2019\/09\/christmas-deko-1-1348932-300&#215;300.jpg&#8220; _builder_version=&#8220;4.0.6&#8243; width=&#8220;100%&#8220; hover_enabled=&#8220;0&#8243;]<\/p>\n<p><span class=\"s1\">Das Dekoteam sorgt daf\u00fcr, dass die Holzh\u00fctte richtig weihnachtlich und ansprechend aussieht, indem es den Innenraum mit Stoffen bezieht und Tannenzweige und Lichterketten anbringt. Auch dieses Jahr brauchen wir konkret Unterst\u00fctzung f\u00fcr die Gestaltung des Standes. Wenn Du Zeit hast melde dich bitte bei uns \u00fcber das <em><a href=\"https:\/\/www.clv-buecher.at\/?page_id=22\" title=\"Kontakte\">Kontaktformular.<\/a><\/em><br \/> <\/span><\/p>\n<p>[\/et_pb_blurb][et_pb_blurb title=&#8220;Standbau&#8220; image=&#8220;https:\/\/www.clv-buecher.at\/wp-content\/uploads\/2019\/09\/wood-1474292-300&#215;300.jpg&#8220; _builder_version=&#8220;4.0.6&#8243; hover_enabled=&#8220;0&#8243;]<\/p>\n<p><span class=\"s1\">Das Team Standbau k\u00fcmmert sich jedes Jahr darum, dass die 17,5 qm gro\u00dfe H\u00fctte nach den Vorgaben des Marktamtes aufgebaut und am 27. Dezember wieder abgebaut wird. Hier brauchen wir kr\u00e4ftige Mitarbeiter und Mitarbeiterinnen, die im November die Bretter vom Lager abholen und am Rathausplatz aufbauen und beim R\u00fccktransport gleich nach den Feiertagen zur Verf\u00fcgung stehen.<\/span><\/p>\n<p>[\/et_pb_blurb][et_pb_blurb title=&#8220; B\u00fcchertische&#8220; image=&#8220;https:\/\/www.clv-buecher.at\/wp-content\/uploads\/2019\/09\/selling-books-1311193-300&#215;300.jpg&#8220; _builder_version=&#8220;4.0.6&#8243; hover_enabled=&#8220;0&#8243;]<\/p>\n<p><span class=\"s1\">Das B\u00fccherteam besucht diverse kleinere Veranstaltungen und betreut einen B\u00fcchertisch mit christlicher Literatur, je nach Bedarf. Wir sind z.B. bei Frauenfr\u00fchst\u00fccken, Teeparties und Adventfeiern pr\u00e4sent. Die B\u00fccher m\u00fcssen bei der christlichen Buchhandlung LifeBooks (N\u00e4he Mariahilferstra\u00dfe) abgeholt und nach der Veranstaltung wieder zur\u00fcckgebracht werden.<\/span><\/p>\n<p>[\/et_pb_blurb][\/et_pb_column][et_pb_column type=&#8220;1_2&#8243; _builder_version=&#8220;3.27.4&#8243;][et_pb_blurb title=&#8220;B\u00fccher&#8220; image=&#8220;https:\/\/www.clv-buecher.at\/wp-content\/uploads\/2019\/09\/books-1562581-300&#215;300.jpg&#8220; _builder_version=&#8220;4.0.6&#8243; hover_enabled=&#8220;0&#8243;]<\/p>\n<p><span class=\"s1\">Bereits im Sommer stellen die Verlage ihre Neuerscheinungen vor. Unser B\u00fccherteam trifft sich mit den Vertretern, wenn m\u00f6glich auch auf der Frankfurter Buchmesse, und sucht neue B\u00fccher, die f\u00fcr den Stand passend sind, aus. Unser Sortiment besteht aus Kinder- und Jugendb\u00fcchern, Biografien, Andachtsb\u00fcchern, Ehe- und Familienb\u00fcchern, Adventskalendern, Ansichtskarten und Geschenkb\u00fcchern. Ab September m\u00fcssen die B\u00fccherlieferungen bearbeitet werden. Jedes Buch wird mit einem Lesezeichen versehen und in Folie gepackt, so dass es gegen die Witterung gesch\u00fctzt ist. Das Lager muss eingerichtet werden, weil zur Marktzeit t\u00e4glich B\u00fccher nachgeliefert werden. Nach Weihnachten werden die R\u00fccksendungen gemacht.<\/span><\/p>\n<p>[\/et_pb_blurb][et_pb_blurb title=&#8220;Kontakt Marktamt&#8220; image=&#8220;https:\/\/www.clv-buecher.at\/wp-content\/uploads\/2019\/09\/taxpapers-1557352-300&#215;300.jpg&#8220; _builder_version=&#8220;4.0.6&#8243; hover_enabled=&#8220;0&#8243;]<\/p>\n<p><span class=\"s1\">Das Wiener Marktamt vergibt jedes Jahr neu die Standpl\u00e4tze und bittet alle Standler zu Infogespr\u00e4chen, an denen Anwesenheit Pflicht ist. Die (neuen) Bestimmungen m\u00fcssen zur Kenntnis genommen und befolgt werden. Die Anmeldeunterlagen m\u00fcssen zeitgerecht bearbeitet werden (das geschieht im Sommer). Das Team Marktamt sorgt daf\u00fcr, dass alle Mitarbeiter die Bestimmungen kennen.<\/span><\/p>\n<p>[\/et_pb_blurb][et_pb_blurb title=&#8220;Standdienste&#8220; image=&#8220;https:\/\/www.clv-buecher.at\/wp-content\/uploads\/2019\/09\/kalender_01-1.png&#8220; _builder_version=&#8220;4.0.6&#8243; hover_enabled=&#8220;0&#8243;]<\/p>\n<p><span class=\"s1\">Jedes Jahr werden die Standdienste neu verteilt, mache Mitarbeiter sind nicht mehr dabei, andere kommen neu dazu und m\u00fcssen eingeschult werden. Neue stehen nur zusammen mit einem oder einer erfahrenen CLV-Mitarbeiter_in am Stand, die Zeiten werden nach den W\u00fcnschen der Mitarbeiter_innen eingeteilt. Eine Schicht dauert vier Stunden.<\/span><\/p>\n<p>[\/et_pb_blurb][\/et_pb_column][\/et_pb_row][et_pb_row column_structure=&#8220;1_2,1_2&#8243; _builder_version=&#8220;3.27.4&#8243;][et_pb_column type=&#8220;1_2&#8243; _builder_version=&#8220;3.27.4&#8243;][et_pb_image src=&#8220;https:\/\/www.clv-buecher.at\/wp-content\/uploads\/2019\/09\/marketing-300&#215;300.jpg&#8220; _builder_version=&#8220;4.0.6&#8243; custom_margin=&#8220;-31px|8px||135px|false|false&#8220; hover_enabled=&#8220;0&#8243;][\/et_pb_image][\/et_pb_column][et_pb_column type=&#8220;1_2&#8243; _builder_version=&#8220;3.27.4&#8243;][et_pb_text _builder_version=&#8220;3.27.4&#8243; custom_margin=&#8220;||||false|false&#8220;]<\/p>\n<div class=\"et_pb_module et_pb_text et_pb_text_7 et_pb_bg_layout_light  et_pb_text_align_left\">\n<div class=\"et_pb_text_inner\">\n<div class=\"wpb_text_column wpb_content_element \">\n<div class=\"wpb_wrapper\">\n<h4 class=\"p1\" style=\"text-align: justify;\"><span class=\"s1\">Marketing<\/span><\/h4>\n<p class=\"p1\" style=\"text-align: justify;\"><span class=\"s1\">Wir sind ein gemeinde\u00fcbergreifender christlicher Verein und freuen uns, wenn sich Menschen mit einem Anliegen f\u00fcr die Verbreitung christlicher Literatur bei uns engagieren, denn wir betreuen den einzigen B\u00fccherstand am Rathaus-Christkindlmarkt. Das m\u00f6chten wir in den Gemeinden bekannter machen und stellen unsere Arbeit gerne vor Ort vor.<\/span><\/p>\n<\/div>\n<\/div>\n<\/div>\n<\/div>\n<p>[\/et_pb_text][\/et_pb_column][\/et_pb_row][et_pb_row column_structure=&#8220;1_2,1_2&#8243; _builder_version=&#8220;3.27.4&#8243;][et_pb_column type=&#8220;1_2&#8243; _builder_version=&#8220;3.27.4&#8243;][et_pb_toggle title=&#8220;Wie kann ich mitarbeiten?&#8220; icon_color=&#8220;#000000&#8243; _builder_version=&#8220;3.27.4&#8243; title_text_color=&#8220;#000000&#8243; background_color=&#8220;#ffffff&#8220; border_width_all=&#8220;0px&#8220; border_color_all=&#8220;#ffffff&#8220;]<\/p>\n<ul>\n<li>Unterst\u00fctzung im Gebet<\/li>\n<li>Mithilfe am Weihnachtsmarkt<\/li>\n<li>Aufbau bzw. Abbau des Marktstandes<\/li>\n<li>Beratung und Verkauf von Kalendern und B\u00fcchern<\/li>\n<li>Finanzielle Unterst\u00fctzung: Mitgliedschaft im CLV-Verein und\/oder Spende (einmalig oder regelm\u00e4\u00dfig). Kontonummer f\u00fcr Spenden ist auf der <a href=\"https:\/\/neu.clv-buecher.at\/?page_id=24\" title=\"IMPRESSUM\"><em>Impressum<\/em><\/a> Seite.<\/li>\n<\/ul>\n<p>[\/et_pb_toggle][et_pb_toggle title=&#8220;Welche Verpflichtungen sind mit einer Mitgliedschaft verbunden?&#8220; icon_color=&#8220;#000000&#8243; _builder_version=&#8220;3.27.4&#8243; title_text_color=&#8220;#000000&#8243; background_color=&#8220;#ffffff&#8220; border_width_all=&#8220;0px&#8220; border_color_all=&#8220;#ffffff&#8220;]<\/p>\n<p>Jedes Mitglied bezahlt den j\u00e4hrlichen Mitgliederbeitrag und hat das Recht, auf der j\u00e4hrlichen Mitgliederversammlung pr\u00e4sent zu sein.<\/p>\n<p>[\/et_pb_toggle][et_pb_toggle title=&#8220;Wie hoch ist der Mitgliedsbeitrag?&#8220; icon_color=&#8220;#000000&#8243; _builder_version=&#8220;3.27.4&#8243; title_text_color=&#8220;#000000&#8243; background_color=&#8220;#ffffff&#8220; border_width_all=&#8220;0px&#8220; border_color_all=&#8220;#ffffff&#8220;]<\/p>\n<p>60,- \u20ac pro Jahr, 40,- \u20ac f\u00fcr Ehepartner, Eltern oder Kinder.<\/p>\n<p>[\/et_pb_toggle][et_pb_toggle title=&#8220;Ich habe keine Erfahrung im B\u00fccher verkaufen. Kann ich trotzdem mitmachen?&#8220; icon_color=&#8220;#000000&#8243; _builder_version=&#8220;3.27.4&#8243; title_text_color=&#8220;#000000&#8243; background_color=&#8220;#ffffff&#8220; border_width_all=&#8220;0px&#8220; border_color_all=&#8220;#ffffff&#8220;]<\/p>\n<p>Ja. Wenn du gern mit Menschen ins Gespr\u00e4ch kommst, Christ bist und B\u00fccher liebst.<\/p>\n<p>[\/et_pb_toggle][\/et_pb_column][et_pb_column type=&#8220;1_2&#8243; _builder_version=&#8220;3.27.4&#8243;][et_pb_toggle title=&#8220;Wie oft muss ich f\u00fcr den Standdienst verf\u00fcgbar sein?&#8220; icon_color=&#8220;#000000&#8243; _builder_version=&#8220;3.27.4&#8243; title_text_color=&#8220;#000000&#8243; background_color=&#8220;#ffffff&#8220; border_width_all=&#8220;0px&#8220;]<\/p>\n<p>Du kannst dir selbst aussuchen, wie oft und wann du Standdienst machen m\u00f6chtest. Unser Koordinator Leo achtet darauf, dass du als Neue(r) zusammen mit einem erfahrenen Mitarbeiter oder einer erfahrenen Mitarbeiterin die Schicht teilst.<\/p>\n<p>[\/et_pb_toggle][et_pb_toggle title=&#8220;Wie sind die Standzeiten?&#8220; icon_color=&#8220;#000000&#8243; _builder_version=&#8220;3.29.3&#8243; title_text_color=&#8220;#000000&#8243; background_color=&#8220;#ffffff&#8220; border_width_all=&#8220;0px&#8220;]<\/p>\n<p><span style=\"font-size: 10.5pt; font-family: 'Open Sans'; color: #666666;\">Der Christkindlmarkt hat von 15. 11. bis 26.12.2019 ge\u00f6ffnet.<br \/> Dies Standzeiten sind:<br \/> Sonntag bis Donnerstag von 10-21:30 Uhr.<br \/> Freitag und Samstag von 10-22 Uhr.<br \/> 24.12. von 10-19 Uhr<br \/> 25. u. 26.12. von 11-21:30 Uhr.<\/span><\/p>\n<p>[\/et_pb_toggle][et_pb_toggle title=&#8220;Bekomme ich ein Honorar?&#8220; icon_color=&#8220;#000000&#8243; _builder_version=&#8220;3.27.4&#8243; title_text_color=&#8220;#000000&#8243; background_color=&#8220;#ffffff&#8220; border_width_all=&#8220;0px&#8220;]<\/p>\n<p>Unser Verein arbeitet ausschlie\u00dflich mit ehrenamtlichen Mitarbeitern, wir k\u00f6nnen leider kein Honorar bezahlen.<\/p>\n<p>[\/et_pb_toggle][et_pb_toggle title=&#8220;Kann ich bei euch B\u00fccher bestellen?&#8220; icon_color=&#8220;#000000&#8243; _builder_version=&#8220;3.27.4&#8243; title_text_color=&#8220;#000000&#8243; background_color=&#8220;#ffffff&#8220; border_width_all=&#8220;0px&#8220;]<\/p>\n<p>Wir selbst verkaufen keine B\u00fccher \u00fcber unsere Website, stellen aber gern den Kontakt zu christlichen Buchhandlungen her. Das machen wir, indem wir bei unseren Buchempfehlungen auf eine christliche Buchhandlung verlinken.<\/p>\n<p>[\/et_pb_toggle][\/et_pb_column][\/et_pb_row][\/et_pb_section]<\/p>\n","protected":false},"excerpt":{"rendered":"<p>M\u00f6chtest du mitarbeiten? Wir haben Teams f\u00fcr verschiedene Arbeitsbereiche. Schreib uns \u00fcber das Kontaktformular, wenn du dich unverbindlich \u00fcber Details informieren m\u00f6chtest oder klick unten auf die FAQs, wo wir die h\u00e4ufigsten Fragen beantwortet haben. Das Dekoteam sorgt daf\u00fcr, dass die Holzh\u00fctte richtig weihnachtlich und ansprechend aussieht, indem es den Innenraum mit Stoffen bezieht und [&hellip;]<\/p>\n","protected":false},"author":1,"featured_media":0,"parent":6,"menu_order":0,"comment_status":"closed","ping_status":"closed","template":"","meta":{"_et_pb_use_builder":"on","_et_pb_old_content":"","_et_gb_content_width":"","footnotes":""},"class_list":["post-20","page","type-page","status-publish","hentry"],"_links":{"self":[{"href":"https:\/\/www.clv-buecher.at\/index.php?rest_route=\/wp\/v2\/pages\/20","targetHints":{"allow":["GET"]}}],"collection":[{"href":"https:\/\/www.clv-buecher.at\/index.php?rest_route=\/wp\/v2\/pages"}],"about":[{"href":"https:\/\/www.clv-buecher.at\/index.php?rest_route=\/wp\/v2\/types\/page"}],"author":[{"embeddable":true,"href":"https:\/\/www.clv-buecher.at\/index.php?rest_route=\/wp\/v2\/users\/1"}],"replies":[{"embeddable":true,"href":"https:\/\/www.clv-buecher.at\/index.php?rest_route=%2Fwp%2Fv2%2Fcomments&post=20"}],"version-history":[{"count":23,"href":"https:\/\/www.clv-buecher.at\/index.php?rest_route=\/wp\/v2\/pages\/20\/revisions"}],"predecessor-version":[{"id":207,"href":"https:\/\/www.clv-buecher.at\/index.php?rest_route=\/wp\/v2\/pages\/20\/revisions\/207"}],"up":[{"embeddable":true,"href":"https:\/\/www.clv-buecher.at\/index.php?rest_route=\/wp\/v2\/pages\/6"}],"wp:attachment":[{"href":"https:\/\/www.clv-buecher.at\/index.php?rest_route=%2Fwp%2Fv2%2Fmedia&parent=20"}],"curies":[{"name":"wp","href":"https:\/\/api.w.org\/{rel}","templated":true}]}}