{"id":17,"date":"2019-09-10T11:08:41","date_gmt":"2019-09-10T09:08:41","guid":{"rendered":"https:\/\/neu.clv-buecher.at\/?page_id=17"},"modified":"2019-09-10T13:26:24","modified_gmt":"2019-09-10T11:26:24","slug":"glaubensbasis","status":"publish","type":"page","link":"https:\/\/www.clv-buecher.at\/?page_id=17","title":{"rendered":"GLAUBENSBASIS"},"content":{"rendered":"<p>[et_pb_section fb_built=&#8220;1&#8243; _builder_version=&#8220;3.27.4&#8243;][et_pb_row _builder_version=&#8220;3.27.4&#8243;][et_pb_column _builder_version=&#8220;3.27.4&#8243; type=&#8220;4_4&#8243;][et_pb_text _builder_version=&#8220;3.27.4&#8243; hover_enabled=&#8220;0&#8243;]<\/p>\n<div class=\"et_pb_column et_pb_column_4_4 et_pb_column_0  et_pb_css_mix_blend_mode_passthrough et-last-child\">\n<div class=\"et_pb_module et_pb_text et_pb_text_0 et_pb_bg_layout_light  et_pb_text_align_left\">\n<div class=\"et_pb_text_inner\">\n<h2 style=\"text-align: justify;\"><span style=\"font-weight: normal; font-family: ABeeZee;\">DIE GEMEINSAME BASIS DES GLAUBENS DER EVANGELISCHEN ALLIANZ<\/span><\/h2>\n<p><span style=\"font-weight: normal; font-family: ABeeZee;\"><\/span><\/p>\n<p><span style=\"font-weight: normal; font-family: ABeeZee;\"><span style=\"font-size: medium;\">Wir bekennen uns zur Allmacht und Gnade Gottes, des Vaters, des Sohnes und des Heiligen Geistes in Sch\u00f6pfung, Erl\u00f6sung, Endgericht und <\/span><span style=\"font-size: medium;\">Vollendung.<\/span><\/span><\/p>\n<p>\u00a0<span style=\"font-weight: normal; font-family: ABeeZee;\"><span style=\"font-size: medium;\">Wir bekennen uns zur g\u00f6ttlichen Inspiration der Heiligen Schrift, ihrer v\u00f6lligen Zuverl\u00e4ssigkeit und h\u00f6chsten Autorit\u00e4t in allen Fragen <\/span><span style=\"font-size: medium;\">des Glaubens und der Lebensf\u00fchrung.<\/span><\/span><\/p>\n<p><span style=\"font-size: medium; font-family: ABeeZee; font-weight: normal;\">Wir bekennen uns zur v\u00f6lligen S\u00fcndhaftigkeit und Schuld des gefallenen Menschen, die ihn Gottes Zorn und Verdammnis aussetzen.<\/span><\/p>\n<p><span style=\"font-size: medium; font-family: ABeeZee; font-weight: normal;\">Wir bekennen uns zum stellvertretenden Opfer des menschgewordenen Gottessohnes als einziger und allgen\u00fcgsamer Grundlage der Erl\u00f6sung von der Schuld und Macht der S\u00fcnde und ihren ewigen Folgen.<\/span><\/p>\n<p><span style=\"font-weight: normal; font-family: ABeeZee;\"><span style=\"font-size: medium;\">Wir bekennen uns zur Rechtfertigung des S\u00fcnders allein durch die Gnade Gottes aufgrund des Glaubens an Jesus Christus, der gekreuzigt <\/span><span style=\"font-size: medium;\">wurde und von den Toten auferstanden ist.<\/span><\/span><\/p>\n<p><span style=\"font-size: medium; font-family: ABeeZee; font-weight: normal;\">Wir bekennen uns zum Werk des Heiligen Geistes, welcher Bekehrung und Wiedergeburt des Menschen bewirkt, im Gl\u00e4ubigen wohnt und ihn zur Heiligung bef\u00e4higt.<\/span><\/p>\n<p><span style=\"font-weight: normal; font-family: ABeeZee;\"><span style=\"font-size: medium;\">Wir bekennen uns zum Priestertum aller Gl\u00e4ubigen, die die weltweite Gemeinde bilden, den Leib, dessen Haupt Christus ist, und die durch<\/span> <span style=\"font-size: medium;\">einen Befehl zur Verk\u00fcndigung des Evangeliums in aller Welt verpflichtet ist.<\/span><\/span><\/p>\n<p><span style=\"font-weight: normal; font-family: ABeeZee;\"><span style=\"font-size: medium;\">Wir bekennen uns zur Erwartung der pers\u00f6nlichen, sichtbaren Wiederkunft des Herrn Jesus Christus in Macht und Herrlichkeit; zum <\/span><span style=\"font-size: medium;\">Fortleben der von Gott gegebenen Personalit\u00e4t des Menschen; zur Auferstehung des Leibes zum Gericht und zum ewigen Leben des Erl\u00f6sten in Herrlichkeit.<\/span><\/span><\/p>\n<p><span style=\"font-size: medium; font-family: ABeeZee; font-weight: normal;\"><em>(Diese Glaubensbasis unterscheidet sich geringf\u00fcgig von der 1846 an der Gr\u00fcndungskonferenz verabschiedeten Grundlage.)<\/em><\/span><\/p>\n<\/div>\n<\/div>\n<\/div>\n<p>[\/et_pb_text][\/et_pb_column][\/et_pb_row][\/et_pb_section]<\/p>\n","protected":false},"excerpt":{"rendered":"<p>DIE GEMEINSAME BASIS DES GLAUBENS DER EVANGELISCHEN ALLIANZ Wir bekennen uns zur Allmacht und Gnade Gottes, des Vaters, des Sohnes und des Heiligen Geistes in Sch\u00f6pfung, Erl\u00f6sung, Endgericht und Vollendung. \u00a0Wir bekennen uns zur g\u00f6ttlichen Inspiration der Heiligen Schrift, ihrer v\u00f6lligen Zuverl\u00e4ssigkeit und h\u00f6chsten Autorit\u00e4t in allen Fragen des Glaubens und der Lebensf\u00fchrung. Wir bekennen [&hellip;]<\/p>\n","protected":false},"author":1,"featured_media":0,"parent":6,"menu_order":0,"comment_status":"closed","ping_status":"closed","template":"","meta":{"_et_pb_use_builder":"on","_et_pb_old_content":"","_et_gb_content_width":"","footnotes":""},"class_list":["post-17","page","type-page","status-publish","hentry"],"_links":{"self":[{"href":"https:\/\/www.clv-buecher.at\/index.php?rest_route=\/wp\/v2\/pages\/17","targetHints":{"allow":["GET"]}}],"collection":[{"href":"https:\/\/www.clv-buecher.at\/index.php?rest_route=\/wp\/v2\/pages"}],"about":[{"href":"https:\/\/www.clv-buecher.at\/index.php?rest_route=\/wp\/v2\/types\/page"}],"author":[{"embeddable":true,"href":"https:\/\/www.clv-buecher.at\/index.php?rest_route=\/wp\/v2\/users\/1"}],"replies":[{"embeddable":true,"href":"https:\/\/www.clv-buecher.at\/index.php?rest_route=%2Fwp%2Fv2%2Fcomments&post=17"}],"version-history":[{"count":3,"href":"https:\/\/www.clv-buecher.at\/index.php?rest_route=\/wp\/v2\/pages\/17\/revisions"}],"predecessor-version":[{"id":66,"href":"https:\/\/www.clv-buecher.at\/index.php?rest_route=\/wp\/v2\/pages\/17\/revisions\/66"}],"up":[{"embeddable":true,"href":"https:\/\/www.clv-buecher.at\/index.php?rest_route=\/wp\/v2\/pages\/6"}],"wp:attachment":[{"href":"https:\/\/www.clv-buecher.at\/index.php?rest_route=%2Fwp%2Fv2%2Fmedia&parent=17"}],"curies":[{"name":"wp","href":"https:\/\/api.w.org\/{rel}","templated":true}]}}